{"id":411,"date":"2020-11-02T14:46:14","date_gmt":"2020-11-02T17:46:14","guid":{"rendered":"http:\/\/sinflumar.com.br\/?page_id=411"},"modified":"2020-11-02T14:46:14","modified_gmt":"2020-11-02T17:46:14","slug":"associe-se","status":"publish","type":"page","link":"http:\/\/sinflumar.com.br\/index.php\/associe-se\/","title":{"rendered":"Associe-se"},"content":{"rendered":"<p>[vc_row][vc_column]<div role=\"form\" class=\"wpcf7\" id=\"wpcf7-f408-o1\" lang=\"pt-BR\" dir=\"ltr\">\n<div class=\"screen-reader-response\"><\/div>\n<form action=\"\/index.php\/wp-json\/wp\/v2\/pages\/411#wpcf7-f408-o1\" method=\"post\" class=\"wpcf7-form\" enctype=\"multipart\/form-data\" novalidate=\"novalidate\">\n<div style=\"display: none;\">\n<input type=\"hidden\" name=\"_wpcf7\" value=\"408\" \/>\n<input type=\"hidden\" name=\"_wpcf7_version\" value=\"5.1.1\" \/>\n<input type=\"hidden\" name=\"_wpcf7_locale\" value=\"pt_BR\" \/>\n<input type=\"hidden\" name=\"_wpcf7_unit_tag\" value=\"wpcf7-f408-o1\" \/>\n<input type=\"hidden\" name=\"_wpcf7_container_post\" value=\"0\" \/>\n<input type=\"hidden\" name=\"g-recaptcha-response\" value=\"\" \/>\n<\/div>\n<div class=\"col-lg-12\">\n<h2>CADASTRO e AUTORIZA\u00c7\u00c3O<\/h2>\n<\/p><\/div>\n<div class=\"col-lg-12\">\n<h5>Insira todas as informa\u00e7\u00f5es conforme solicitadas:<\/h5>\n<\/p><\/div>\n<p>        <label>Nome:<br \/>\n            <span class=\"wpcf7-form-control-wrap nome\"><input type=\"text\" name=\"nome\" value=\"\" size=\"40\" class=\"wpcf7-form-control wpcf7-text\" aria-invalid=\"false\" \/><\/span><br \/>\n        <\/label><\/p>\n<p>        <label>Endere\u00e7o:<br \/>\n            <span class=\"wpcf7-form-control-wrap endereco\"><input type=\"text\" name=\"endereco\" value=\"\" size=\"40\" class=\"wpcf7-form-control wpcf7-text\" aria-invalid=\"false\" \/><\/span><br \/>\n        <\/label><\/p>\n<p>        <label>Bairro:<br \/>\n            <span class=\"wpcf7-form-control-wrap bairro\"><input type=\"text\" name=\"bairro\" value=\"\" size=\"40\" class=\"wpcf7-form-control wpcf7-text\" aria-invalid=\"false\" \/><\/span><br \/>\n        <\/label><\/p>\n<p>        <label>Cidade:<br \/>\n            <span class=\"wpcf7-form-control-wrap cidade\"><input type=\"text\" name=\"cidade\" value=\"\" size=\"40\" class=\"wpcf7-form-control wpcf7-text\" aria-invalid=\"false\" \/><\/span><br \/>\n        <\/label><\/p>\n<p>        <label>Data de Nascimento:<br \/>\n            <span class=\"wpcf7-form-control-wrap nascimento\"><input type=\"text\" name=\"nascimento\" value=\"\" size=\"40\" class=\"wpcf7-form-control wpcf7-text\" aria-invalid=\"false\" \/><\/span><br \/>\n        <\/label><\/p>\n<p>        <label>Estado Civil:<br \/>\n            <span class=\"wpcf7-form-control-wrap estadocivil\"><input type=\"text\" name=\"estadocivil\" value=\"\" size=\"40\" class=\"wpcf7-form-control wpcf7-text\" aria-invalid=\"false\" \/><\/span><br \/>\n        <\/label><\/p>\n<p>        <label>Carteira Profissional:<br \/>\n            <span class=\"wpcf7-form-control-wrap cnh\"><input type=\"text\" name=\"cnh\" value=\"\" size=\"40\" class=\"wpcf7-form-control wpcf7-text\" aria-invalid=\"false\" \/><\/span><br \/>\n        <\/label><\/p>\n<p>        <label>S\u00e9rie:<br \/>\n            <span class=\"wpcf7-form-control-wrap serie\"><input type=\"text\" name=\"serie\" value=\"\" size=\"40\" class=\"wpcf7-form-control wpcf7-text\" aria-invalid=\"false\" \/><\/span><br \/>\n        <\/label><\/p>\n<p>        <label>PIS:<br \/>\n            <span class=\"wpcf7-form-control-wrap pis\"><input type=\"text\" name=\"pis\" value=\"\" size=\"40\" class=\"wpcf7-form-control wpcf7-text\" aria-invalid=\"false\" \/><\/span><br \/>\n        <\/label><\/p>\n<p>        <label>T\u00edtulo de Eleitor:<br \/>\n            <span class=\"wpcf7-form-control-wrap titulo\"><input type=\"text\" name=\"titulo\" value=\"\" size=\"40\" class=\"wpcf7-form-control wpcf7-text\" aria-invalid=\"false\" \/><\/span><br \/>\n        <\/label>       <\/p>\n<p>        <label>CIR:<br \/>\n            <span class=\"wpcf7-form-control-wrap cir\"><input type=\"text\" name=\"cir\" value=\"\" size=\"40\" class=\"wpcf7-form-control wpcf7-text\" aria-invalid=\"false\" \/><\/span><br \/>\n        <\/label><\/p>\n<p>        <label>Mat.Cap\/Del:<br \/>\n            <span class=\"wpcf7-form-control-wrap matcap\"><input type=\"text\" name=\"matcap\" value=\"\" size=\"40\" class=\"wpcf7-form-control wpcf7-text\" aria-invalid=\"false\" \/><\/span><br \/>\n        <\/label><\/p>\n<p>        <label>RG:<br \/>\n            <span class=\"wpcf7-form-control-wrap rg\"><input type=\"text\" name=\"rg\" value=\"\" size=\"40\" class=\"wpcf7-form-control wpcf7-text\" aria-invalid=\"false\" \/><\/span><br \/>\n        <\/label><\/p>\n<p>        <label>Expedido por:<br \/>\n            <span class=\"wpcf7-form-control-wrap expedido\"><input type=\"text\" name=\"expedido\" value=\"\" size=\"40\" class=\"wpcf7-form-control wpcf7-text\" aria-invalid=\"false\" \/><\/span><br \/>\n        <\/label><\/p>\n<p>        <label>CPF:<br \/>\n            <span class=\"wpcf7-form-control-wrap cpf\"><input type=\"text\" name=\"cpf\" value=\"\" size=\"40\" class=\"wpcf7-form-control wpcf7-text\" aria-invalid=\"false\" \/><\/span><br \/>\n        <\/label><\/p>\n<p>        <label>Fun\u00e7\u00e3o:<br \/>\n            <span class=\"wpcf7-form-control-wrap funcao\"><input type=\"text\" name=\"funcao\" value=\"\" size=\"40\" class=\"wpcf7-form-control wpcf7-text\" aria-invalid=\"false\" \/><\/span><br \/>\n        <\/label><\/p>\n<p>        <label>Filia\u00e7\u00e3o (Pai):<br \/>\n            <span class=\"wpcf7-form-control-wrap pai\"><input type=\"text\" name=\"pai\" value=\"\" size=\"40\" class=\"wpcf7-form-control wpcf7-text\" aria-invalid=\"false\" \/><\/span><br \/>\n        <\/label><\/p>\n<p>        <label>Filia\u00e7\u00e3o (M\u00e3e):<br \/>\n            <span class=\"wpcf7-form-control-wrap mae\"><input type=\"text\" name=\"mae\" value=\"\" size=\"40\" class=\"wpcf7-form-control wpcf7-text\" aria-invalid=\"false\" \/><\/span><br \/>\n        <\/label><\/p>\n<p>        <label>Telefone:<br \/>\n            <span class=\"wpcf7-form-control-wrap telefone\"><input type=\"text\" name=\"telefone\" value=\"\" size=\"40\" class=\"wpcf7-form-control wpcf7-text\" aria-invalid=\"false\" \/><\/span><br \/>\n        <\/label><\/p>\n<p>        <label>Nacionalidade:<br \/>\n            <span class=\"wpcf7-form-control-wrap nacionalidade\"><input type=\"text\" name=\"nacionalidade\" value=\"\" size=\"40\" class=\"wpcf7-form-control wpcf7-text\" aria-invalid=\"false\" \/><\/span><br \/>\n        <\/label><\/p>\n<p>        <label>Naturalidade:<br \/>\n            <span class=\"wpcf7-form-control-wrap naturalidade\"><input type=\"text\" name=\"naturalidade\" value=\"\" size=\"40\" class=\"wpcf7-form-control wpcf7-text\" aria-invalid=\"false\" \/><\/span><br \/>\n        <\/label><\/p>\n<p>        <label>Tipo Sangu\u00edneo:<br \/>\n            <span class=\"wpcf7-form-control-wrap tiposangue\"><input type=\"text\" name=\"tiposangue\" value=\"\" size=\"40\" class=\"wpcf7-form-control wpcf7-text\" aria-invalid=\"false\" \/><\/span><br \/>\n        <\/label><\/p>\n<p>        <label>Empresa:<br \/>\n            <span class=\"wpcf7-form-control-wrap empresa\"><input type=\"text\" name=\"empresa\" value=\"\" size=\"40\" class=\"wpcf7-form-control wpcf7-text\" aria-invalid=\"false\" \/><\/span><br \/>\n        <\/label><\/p>\n<p>        <label>Observa\u00e7\u00f5es Adicionais:<br \/>\n            <span class=\"wpcf7-form-control-wrap observacoes\"><textarea name=\"observacoes\" cols=\"40\" rows=\"10\" class=\"wpcf7-form-control wpcf7-textarea\" aria-invalid=\"false\"><\/textarea><\/span><br \/>\n        <\/label><\/p>\n<div class=\"col-lg-12\">\n             <br>\n        <\/div>\n<div class=\"col-lg-12\">\n<h5>Insira aqui uma foto ou selfie atualizada:<\/h5>\n<p>           <span class=\"wpcf7-form-control-wrap anexo1\"><input type=\"file\" name=\"anexo1\" size=\"40\" class=\"wpcf7-form-control wpcf7-file anexo1\" id=\"anexo1\" accept=\".jpg,.png,.bmp\" aria-invalid=\"false\" \/><\/span>\n        <\/p><\/div>\n<div class=\"col-lg-12\">\n             <br>\n        <\/div>\n<div class=\"col-lg-12\">\n<h5>Insira aqui a imagem de um de seus documentos (CNH\/CPF\/RG):<\/h5>\n<p>           <span class=\"wpcf7-form-control-wrap anexo2\"><input type=\"file\" name=\"anexo2\" size=\"40\" class=\"wpcf7-form-control wpcf7-file anexo2\" id=\"anexo2\" accept=\".jpg,.png,.bmp\" aria-invalid=\"false\" \/><\/span>\n        <\/p><\/div>\n<div class=\"col-lg-12\">\n             <br>\n        <\/div>\n<div class=\"col-lg-6\">\n<h4>\n        <span class=\"wpcf7-form-control-wrap acceptance-235\"><span class=\"wpcf7-form-control wpcf7-acceptance\"><span class=\"wpcf7-list-item\"><label><input type=\"checkbox\" name=\"acceptance-235\" value=\"1\" aria-invalid=\"false\" class=\"aceite\" id=\"aceite\" \/><span class=\"wpcf7-list-item-label\">Autorizo o SINDICATO DOS TRABALHADORES EM TRANSPORTES MARITIMOS E FLUVIAIS DO ESTADO DO RIO GRANDE DO SUL \u2013 SINFLUMAR, a providenciar junto as Empresas de Navega\u00e7\u00e3o, o desconto de  4% (quatro por cento) do meu sal\u00e1rio-base, em favor desse Sindicato a  partir da data abaixo mencionada.<\/span><\/label><\/span><\/span><\/span><br \/>\n        <\/h4>\n<\/p><\/div>\n<div class=\"col-lg-12\">\n            <input type=\"submit\" value=\"Enviar Informa\u00e7\u00f5es\" class=\"wpcf7-form-control wpcf7-submit\" \/>\n        <\/div>\n<div class=\"wpcf7-response-output wpcf7-display-none\"><\/div><\/form><\/div>[\/vc_column][\/vc_row]<\/p>\n","protected":false},"excerpt":{"rendered":"<p>[vc_row][vc_column][\/vc_column][\/vc_row]<\/p>\n","protected":false},"author":1,"featured_media":0,"parent":0,"menu_order":0,"comment_status":"closed","ping_status":"closed","template":"","meta":[],"_links":{"self":[{"href":"http:\/\/sinflumar.com.br\/index.php\/wp-json\/wp\/v2\/pages\/411"}],"collection":[{"href":"http:\/\/sinflumar.com.br\/index.php\/wp-json\/wp\/v2\/pages"}],"about":[{"href":"http:\/\/sinflumar.com.br\/index.php\/wp-json\/wp\/v2\/types\/page"}],"author":[{"embeddable":true,"href":"http:\/\/sinflumar.com.br\/index.php\/wp-json\/wp\/v2\/users\/1"}],"replies":[{"embeddable":true,"href":"http:\/\/sinflumar.com.br\/index.php\/wp-json\/wp\/v2\/comments?post=411"}],"version-history":[{"count":1,"href":"http:\/\/sinflumar.com.br\/index.php\/wp-json\/wp\/v2\/pages\/411\/revisions"}],"predecessor-version":[{"id":417,"href":"http:\/\/sinflumar.com.br\/index.php\/wp-json\/wp\/v2\/pages\/411\/revisions\/417"}],"wp:attachment":[{"href":"http:\/\/sinflumar.com.br\/index.php\/wp-json\/wp\/v2\/media?parent=411"}],"curies":[{"name":"wp","href":"https:\/\/api.w.org\/{rel}","templated":true}]}}