{"id":398,"date":"2020-11-02T14:27:14","date_gmt":"2020-11-02T17:27:14","guid":{"rendered":"http:\/\/sinflumar.com.br\/?page_id=398"},"modified":"2020-11-02T14:27:14","modified_gmt":"2020-11-02T17:27:14","slug":"nosso-estatuto","status":"publish","type":"page","link":"http:\/\/sinflumar.com.br\/index.php\/nosso-estatuto\/","title":{"rendered":"Nosso Estatuto"},"content":{"rendered":"<p>[vc_row][vc_column][vc_single_image image=&#8221;391&#8243; img_size=&#8221;full&#8221; alignment=&#8221;center&#8221;][\/vc_column][\/vc_row][vc_row][vc_column][vc_column_text]<strong>Cap\u00edtulo 1<\/strong><\/p>\n<p><strong>Da denomina\u00e7\u00e3o, sede, finalidades, prerrogativas, deveres e condi\u00e7\u00f5es de funcionamento.<\/strong><\/p>\n<p><strong>Art.1\u00ba\u00a0&#8211; O Sindicato dos Trabalhadores Mar\u00edtimos e Fluviais do Estado do Rio Grande do Sul, com sede e foro na cidade de Porto Alegre, com base territorial em todo o Estado do Rio Grande do Sul \u00e1 constitui\u00e7\u00e3o para fins de estudo, defesa e coordena\u00e7\u00e3o e representa\u00e7\u00e3o legal da categoria profissional dos trabalhadores fluviais que exercem suas fun\u00e7\u00f5es como capit\u00e3es fluviais, mestres, motoristas e condutores, marinheiros e mo\u00e7os de m\u00e1quinas e conv\u00e9s, cozinheiros, e taifeiros, trabalhadores em escrit\u00f3rios de ag\u00eancias de navega\u00e7\u00e3o mar\u00edtima e fluvial, e trabalhadores em terminal de cont\u00eaineres, mestres e encarregados em estaleiros e outros afins, com independ\u00eancia e autonomia da representa\u00e7\u00e3o sindical perante o Estado, categoria econ\u00f4mica e partidos pol\u00edticos na defesa das institui\u00e7\u00f5es democr\u00e1ticas, com intuito de colabora\u00e7\u00e3o com demais entidades sindicais de trabalhadores no sentido da solidariedade sindical.<\/strong>[\/vc_column_text][\/vc_column][\/vc_row]<\/p>\n","protected":false},"excerpt":{"rendered":"<p>[vc_row][vc_column][vc_single_image image=&#8221;391&#8243; img_size=&#8221;full&#8221; alignment=&#8221;center&#8221;][\/vc_column][\/vc_row][vc_row][vc_column][vc_column_text]Cap\u00edtulo 1 Da denomina\u00e7\u00e3o, sede, finalidades, prerrogativas, deveres e condi\u00e7\u00f5es de funcionamento. Art.1\u00ba\u00a0&#8211; O Sindicato dos Trabalhadores Mar\u00edtimos e Fluviais do Estado do Rio Grande do Sul, com sede e foro na cidade de Porto Alegre, com base territorial em todo o Estado do Rio Grande do Sul \u00e1 constitui\u00e7\u00e3o para fins [&hellip;]<\/p>\n","protected":false},"author":1,"featured_media":0,"parent":0,"menu_order":0,"comment_status":"closed","ping_status":"closed","template":"","meta":[],"_links":{"self":[{"href":"http:\/\/sinflumar.com.br\/index.php\/wp-json\/wp\/v2\/pages\/398"}],"collection":[{"href":"http:\/\/sinflumar.com.br\/index.php\/wp-json\/wp\/v2\/pages"}],"about":[{"href":"http:\/\/sinflumar.com.br\/index.php\/wp-json\/wp\/v2\/types\/page"}],"author":[{"embeddable":true,"href":"http:\/\/sinflumar.com.br\/index.php\/wp-json\/wp\/v2\/users\/1"}],"replies":[{"embeddable":true,"href":"http:\/\/sinflumar.com.br\/index.php\/wp-json\/wp\/v2\/comments?post=398"}],"version-history":[{"count":1,"href":"http:\/\/sinflumar.com.br\/index.php\/wp-json\/wp\/v2\/pages\/398\/revisions"}],"predecessor-version":[{"id":399,"href":"http:\/\/sinflumar.com.br\/index.php\/wp-json\/wp\/v2\/pages\/398\/revisions\/399"}],"wp:attachment":[{"href":"http:\/\/sinflumar.com.br\/index.php\/wp-json\/wp\/v2\/media?parent=398"}],"curies":[{"name":"wp","href":"https:\/\/api.w.org\/{rel}","templated":true}]}}