{"id":396,"date":"2020-11-02T14:25:12","date_gmt":"2020-11-02T17:25:12","guid":{"rendered":"http:\/\/sinflumar.com.br\/?page_id=396"},"modified":"2020-11-02T14:56:22","modified_gmt":"2020-11-02T17:56:22","slug":"nossa-diretoria","status":"publish","type":"page","link":"http:\/\/sinflumar.com.br\/index.php\/nossa-diretoria\/","title":{"rendered":"Nossa Diretoria"},"content":{"rendered":"<p>[vc_row][vc_column][vc_gallery interval=&#8221;3&#8243; images=&#8221;420,320&#8243; img_size=&#8221;full&#8221;][\/vc_column][\/vc_row][vc_row][vc_column][vc_column_text]<\/p>\n<p style=\"text-align: center;\"><strong>DIRETORIA SINFLUMAR<br \/>\n(Gest\u00e3o 2020\/2023)<\/strong><\/p>\n<p style=\"text-align: center;\"><strong>Diretoria Executiva:<br \/>\nPresidente:\u00a0VALDEZ FRANCISCO DE OLIVEIRA<br \/>\nVice-Presidente:\u00a0ACACIO SOARES DE OLIVEIRA JUNIOR<br \/>\nSecret\u00e1rio Geral:\u00a0RICARDO LEITE GOULART PONZI<\/strong><\/p>\n<p style=\"text-align: center;\"><strong>Diretor de Finan\u00e7as:\u00a0JURANDIR GOMES PINTO<br \/>\nDiretor de Forma\u00e7\u00e3o e Rela\u00e7\u00f5es Sindicais:\u00a0 ADI CELESTINO ALVES DA SILVA<br \/>\nDiretor de Assuntos Jur\u00eddicos:\u00a0 JO\u00c3O PEDRO LOPES FERREIRA<br \/>\nDiretor Administrativo:\u00a0ALEX SANDRO DA SILVA CARNALEZ<\/strong><\/p>\n<p style=\"text-align: center;\"><strong>\u00a0<\/strong><\/p>\n<p style=\"text-align: center;\"><strong>Suplentes Diretoria Executiva:<br \/>\nVANDRE BATISTA PEREIRA<\/strong><\/p>\n<p style=\"text-align: center;\"><strong>RICHARD MENDONLA ALVES<\/strong><\/p>\n<p style=\"text-align: center;\"><strong>C\u00c1SSIO PEREIRA DOS SANTOS<\/strong><\/p>\n<p style=\"text-align: center;\"><strong>GABRIEL MARTINS DA COSTA<\/strong><\/p>\n<p style=\"text-align: center;\"><strong>WELLINGTON LUIZ MAINA<\/strong><\/p>\n<p style=\"text-align: center;\"><strong>\u00a0<\/strong><\/p>\n<p style=\"text-align: center;\"><strong>Conselho Fiscal:<br \/>\nFLAVIO LUIS DE LEMOS<br \/>\nELOI IABEL<br \/>\nPAULO ROBERTO ZEPICA NOGARE<\/strong><\/p>\n<p style=\"text-align: center;\"><strong>Suplente Conselho Fiscal:<br \/>\nRUBENS GARCIA CORREA<\/strong><\/p>\n<p style=\"text-align: center;\"><strong>Delegado junto a Federa\u00e7\u00e3o:<br \/>\nRICARDO LEITE GOULART PONZI<br \/>\nVALDEZ FRANCISCO DE OLIVEIRA<\/strong><\/p>\n<p style=\"text-align: center;\"><strong>Suplente Delegado junto a Federa\u00e7\u00e3o:<br \/>\nJURANDIR GOMES PINTO<\/strong><\/p>\n<p style=\"text-align: center;\"><strong>ACACIO SOARES DE OLIVEIRA JUNIOR<\/strong><\/p>\n<p>[\/vc_column_text][\/vc_column][\/vc_row]<\/p>\n","protected":false},"excerpt":{"rendered":"<p>[vc_row][vc_column][vc_gallery interval=&#8221;3&#8243; images=&#8221;420,320&#8243; img_size=&#8221;full&#8221;][\/vc_column][\/vc_row][vc_row][vc_column][vc_column_text] DIRETORIA SINFLUMAR (Gest\u00e3o 2020\/2023) Diretoria Executiva: Presidente:\u00a0VALDEZ FRANCISCO DE OLIVEIRA Vice-Presidente:\u00a0ACACIO SOARES DE OLIVEIRA JUNIOR Secret\u00e1rio Geral:\u00a0RICARDO LEITE GOULART PONZI Diretor de Finan\u00e7as:\u00a0JURANDIR GOMES PINTO Diretor de Forma\u00e7\u00e3o e Rela\u00e7\u00f5es Sindicais:\u00a0 ADI CELESTINO ALVES DA SILVA Diretor de Assuntos Jur\u00eddicos:\u00a0 JO\u00c3O PEDRO LOPES FERREIRA Diretor Administrativo:\u00a0ALEX SANDRO DA SILVA CARNALEZ \u00a0 [&hellip;]<\/p>\n","protected":false},"author":1,"featured_media":0,"parent":0,"menu_order":0,"comment_status":"closed","ping_status":"closed","template":"","meta":[],"_links":{"self":[{"href":"http:\/\/sinflumar.com.br\/index.php\/wp-json\/wp\/v2\/pages\/396"}],"collection":[{"href":"http:\/\/sinflumar.com.br\/index.php\/wp-json\/wp\/v2\/pages"}],"about":[{"href":"http:\/\/sinflumar.com.br\/index.php\/wp-json\/wp\/v2\/types\/page"}],"author":[{"embeddable":true,"href":"http:\/\/sinflumar.com.br\/index.php\/wp-json\/wp\/v2\/users\/1"}],"replies":[{"embeddable":true,"href":"http:\/\/sinflumar.com.br\/index.php\/wp-json\/wp\/v2\/comments?post=396"}],"version-history":[{"count":4,"href":"http:\/\/sinflumar.com.br\/index.php\/wp-json\/wp\/v2\/pages\/396\/revisions"}],"predecessor-version":[{"id":423,"href":"http:\/\/sinflumar.com.br\/index.php\/wp-json\/wp\/v2\/pages\/396\/revisions\/423"}],"wp:attachment":[{"href":"http:\/\/sinflumar.com.br\/index.php\/wp-json\/wp\/v2\/media?parent=396"}],"curies":[{"name":"wp","href":"https:\/\/api.w.org\/{rel}","templated":true}]}}