{"id":390,"date":"2020-11-02T14:17:23","date_gmt":"2020-11-02T17:17:23","guid":{"rendered":"http:\/\/sinflumar.com.br\/?page_id=390"},"modified":"2020-11-02T14:22:16","modified_gmt":"2020-11-02T17:22:16","slug":"nossa-historia","status":"publish","type":"page","link":"http:\/\/sinflumar.com.br\/index.php\/nossa-historia\/","title":{"rendered":"Nossa Hist\u00f3ria"},"content":{"rendered":"<p>[vc_row][vc_column][vc_single_image image=&#8221;391&#8243; img_size=&#8221;full&#8221; alignment=&#8221;center&#8221;][\/vc_column][\/vc_row][vc_row][vc_column][vc_column_text]O movimento de funda\u00e7\u00e3o da Associa\u00e7\u00e3o dos Fluvi\u00e1rios da Bacia da Lagoa dos Patos \u00e9 AFLUBAPA, foi realizado em 1976 pelos alunos do Curso Fundamental de Forma\u00e7\u00e3o de Pilotos, Condutores Fluviais, Marinheiros de M\u00e1quinas e Conv\u00e9s, realizado na Delegacia da Capitania dos Portos do Estado do Rio Grande do Sul, em Porto Alegre. No encerramento do curso, ao sa\u00ed\u00adrem em busca do primeiro embarque, depararam-se com muitas dificuldades e ao come\u00e7arem os est\u00e1gios, nas empresas de navega\u00e7\u00e3o, sentiram a falta de um \u00f3rg\u00e3o de Classe para a defesa da categoria, foi ent\u00e3o que come\u00e7ou a hist\u00f3ria da AFLUBAPA.<\/p>\n<p>Com a funda\u00e7\u00e3o da AFLUBAPA, locaram uma sala na Rua Uruguai, sua primeira sede. Logo ap\u00f3s, veio a filia\u00e7\u00e3o a Federa\u00e7\u00e3o Nacional dos Trabalhadores Mar\u00ed\u00adtimos (FNTTAA), quando a AFLUBAPA passou a dividir a sede com a Delegacia Regional da Federa\u00e7\u00e3o, localizada na Rua General C\u00e3mara, n\u00ba 413, sala 04, onde figura at\u00e9 os dias de hoje, a sede atual da entidade.<\/p>\n<p>Assim, com o passar do tempo, em 26 de dezembro de 1986, foi a Associa\u00e7\u00e3o reconhecida pelo Minist\u00e9rio do Trabalho como Sindicato Regional de Representa\u00e7\u00e3o dos Fluvi\u00e1rios. Mais tarde, em 31 de mar\u00e7o de 1987, \u00e9 eleita e empossada a primeira diretoria do Sindicato.<\/p>\n<p>O Sindicato \u00e9 uma entidade de classe reconhecida nacionalmente pela sua hist\u00f3ria de grandes lutas e conquistas para os trabalhadores da categoria.<\/p>\n<p>Ap\u00f3s o 1\u00ba congresso, realizado em 1990, adotaria o nome de Sindicato dos Trabalhadores em Transportes Mar\u00ed\u00adtimos e Fluviais do Estado do Rio Grande do Sul &#8211; SINFLUMAR.<\/p>\n<p>Seguindo o crescimento da entidade com amplia\u00e7\u00e3o de sua base, nossa entidade foi procurada por trabalhadores de categorias afins, e ap\u00f3s uma reformula\u00e7\u00e3o estatut\u00e1ria em 1999, foi alterado o registro sindical no Minist\u00e9rio do Trabalho, passando em 2002, a representar, Trabalhadores Fluviais que exercem as fun\u00e7\u00f5es de Oficiais e Capit\u00e3es Fluviais, Pilotos Fluviais, Mestres, Motoristas e Condutores, Marinheiros e Mo\u00e7os de Conv\u00e9s, Cozinheiros e Taifeiros e os Trabalhadores em Escrit\u00f3rios de Ag\u00eancias de Navega\u00e7\u00e3o Mar\u00edtimas e Fluviais, em Terminais de Cont\u00eaineres, Mestres e Encarregados em Estaleiros e Outros Afins, com abrang\u00eancia territorial no Estado do Rio Grande do Sul.<\/p>\n<p>Entidade filiada a Federa\u00e7\u00e3o Nacional dos Trabalhadores em Transportes Aquavi\u00e1rios e Afins \u2013 FNTTAA.[\/vc_column_text][\/vc_column][\/vc_row]<\/p>\n","protected":false},"excerpt":{"rendered":"<p>[vc_row][vc_column][vc_single_image image=&#8221;391&#8243; img_size=&#8221;full&#8221; alignment=&#8221;center&#8221;][\/vc_column][\/vc_row][vc_row][vc_column][vc_column_text]O movimento de funda\u00e7\u00e3o da Associa\u00e7\u00e3o dos Fluvi\u00e1rios da Bacia da Lagoa dos Patos \u00e9 AFLUBAPA, foi realizado em 1976 pelos alunos do Curso Fundamental de Forma\u00e7\u00e3o de Pilotos, Condutores Fluviais, Marinheiros de M\u00e1quinas e Conv\u00e9s, realizado na Delegacia da Capitania dos Portos do Estado do Rio Grande do Sul, em Porto [&hellip;]<\/p>\n","protected":false},"author":1,"featured_media":0,"parent":0,"menu_order":0,"comment_status":"closed","ping_status":"closed","template":"","meta":[],"_links":{"self":[{"href":"http:\/\/sinflumar.com.br\/index.php\/wp-json\/wp\/v2\/pages\/390"}],"collection":[{"href":"http:\/\/sinflumar.com.br\/index.php\/wp-json\/wp\/v2\/pages"}],"about":[{"href":"http:\/\/sinflumar.com.br\/index.php\/wp-json\/wp\/v2\/types\/page"}],"author":[{"embeddable":true,"href":"http:\/\/sinflumar.com.br\/index.php\/wp-json\/wp\/v2\/users\/1"}],"replies":[{"embeddable":true,"href":"http:\/\/sinflumar.com.br\/index.php\/wp-json\/wp\/v2\/comments?post=390"}],"version-history":[{"count":2,"href":"http:\/\/sinflumar.com.br\/index.php\/wp-json\/wp\/v2\/pages\/390\/revisions"}],"predecessor-version":[{"id":393,"href":"http:\/\/sinflumar.com.br\/index.php\/wp-json\/wp\/v2\/pages\/390\/revisions\/393"}],"wp:attachment":[{"href":"http:\/\/sinflumar.com.br\/index.php\/wp-json\/wp\/v2\/media?parent=390"}],"curies":[{"name":"wp","href":"https:\/\/api.w.org\/{rel}","templated":true}]}}